{"id":17725,"date":"2024-11-11T12:10:17","date_gmt":"2024-11-11T11:10:17","guid":{"rendered":"https:\/\/kleidco.com\/fr\/?page_id=17725"},"modified":"2024-11-11T12:12:45","modified_gmt":"2024-11-11T11:12:45","slug":"conditions-dutilisation","status":"publish","type":"page","link":"https:\/\/kleidco.com\/fr\/conditions-dutilisation\/","title":{"rendered":"Conditions d&#8217;utilisation"},"content":{"rendered":"\t\t<div data-elementor-type=\"wp-page\" data-elementor-id=\"17725\" class=\"elementor elementor-17725\" data-elementor-post-type=\"page\">\n\t\t\t\t<div class=\"elementor-element elementor-element-589c9b6 e-flex e-con-boxed wd-section-disabled e-con e-parent\" data-id=\"589c9b6\" data-element_type=\"container\">\n\t\t\t\t\t<div class=\"e-con-inner\">\n\t\t\t\t<div class=\"elementor-element elementor-element-2be9df35 color-scheme-inherit text-left elementor-widget elementor-widget-text-editor\" data-id=\"2be9df35\" data-element_type=\"widget\" data-widget_type=\"text-editor.default\">\n\t\t\t\t<div class=\"elementor-widget-container\">\n\t\t\t\t\t\t\t\t\t\n<h2 class=\"wp-block-heading\">Conditions d&#8217;utilisation<\/h2>\n\n<p>\u00a0Cet accord r\u00e9git l&#8217;utilisation des services de KLEIDCO (&#8220;nous&#8221;, &#8220;le site web&#8221;) par le client. Vous trouverez ci-dessous les Conditions G\u00e9n\u00e9rales de KLEIDCO en d\u00e9tail. Si vous avez besoin de plus d&#8217;informations, veuillez nous contacter.<\/p>\n\n<h2 class=\"wp-block-heading\">1. Acceptation des Conditions<\/h2>\n\n<p>En visitant ce site, vous acceptez les conditions d&#8217;utilisation. Si vous n&#8217;acceptez pas ces conditions, veuillez quitter ce site.<\/p>\n\n<h2 class=\"wp-block-heading\">2. Droits de Propri\u00e9t\u00e9 Intellectuelle<\/h2>\n\n<p>Tout le contenu de ce site, y compris les graphiques, logos, ic\u00f4nes, images et logiciels, appartient \u00e0 Kleidco et est prot\u00e9g\u00e9 par les lois fran\u00e7aises et internationales sur la propri\u00e9t\u00e9 intellectuelle.<\/p>\n\n<h2 class=\"wp-block-heading\">3. Utilisation du Site<\/h2>\n\n<p>L&#8217;objectif de ce site est de fournir des informations sur les produits et solutions en aluminium propos\u00e9es par Kleidco. L&#8217;utilisation non autoris\u00e9e, le t\u00e9l\u00e9chargement, la modification ou la distribution du contenu ou des informations est interdite.<\/p>\n\n<h2 class=\"wp-block-heading\">4. Produits et Services<\/h2>\n\n<p>Les informations relatives aux produits et services sont fournies \u00e0 titre de r\u00e9f\u00e9rence g\u00e9n\u00e9rale. Kleidco s&#8217;engage \u00e0 maintenir ces informations \u00e0 jour, cependant, nous vous recommandons de nous contacter pour plus de d\u00e9tails ou d&#8217;informations suppl\u00e9mentaires.<\/p>\n\n<h2 class=\"wp-block-heading\">5. Limitation de Responsabilit\u00e9<\/h2>\n\n<p>Kleidco ne saurait \u00eatre tenu responsable des dommages directs ou indirects r\u00e9sultant de l&#8217;utilisation ou de l&#8217;impossibilit\u00e9 d&#8217;utiliser ce site.<\/p>\n\n<h2 class=\"wp-block-heading\">6. Modifications des Conditions<\/h2>\n\n<p>Nous nous r\u00e9servons le droit de modifier ces conditions \u00e0 tout moment, sans pr\u00e9avis. Il est recommand\u00e9 de v\u00e9rifier r\u00e9guli\u00e8rement cette page pour prendre connaissance des \u00e9ventuelles modifications.<\/p>\n\n<h2 class=\"wp-block-heading\">7. Modifications de la politique de confidentialit\u00e9<\/h2>\n\n<p>Kleidco se r\u00e9serve le droit de mettre \u00e0 jour cette politique de confidentialit\u00e9 \u00e0 tout moment afin de refl\u00e9ter les \u00e9volutions l\u00e9gales, technologiques ou commerciales. Nous vous recommandons de consulter r\u00e9guli\u00e8rement cette page pour \u00eatre inform\u00e9 des pratiques de protection des donn\u00e9es.<\/p>\n\n<h2 class=\"wp-block-heading\">7. Contact<\/h2>\n\n<p>Pour toute question ou demande d&#8217;informations suppl\u00e9mentaires, veuillez nous contacter \u00e0 l&#8217;adresse <strong>suivante :<\/strong> contact@kleidco.com<\/p>\n\t\t\t\t\t\t\t\t<\/div>\n\t\t\t\t<\/div>\n\t\t\t\t\t<\/div>\n\t\t\t\t<\/div>\n\t\t\t\t<\/div>\n\t\t","protected":false},"excerpt":{"rendered":"<p>Conditions d&#8217;utilisation \u00a0Cet accord r\u00e9git l&#8217;utilisation des services de KLEIDCO (&#8220;nous&#8221;, &#8220;le site web&#8221;) par le client. Vous trouverez ci-dessous<\/p>\n","protected":false},"author":4,"featured_media":0,"parent":0,"menu_order":0,"comment_status":"closed","ping_status":"open","template":"elementor_header_footer","meta":{"footnotes":""},"class_list":["post-17725","page","type-page","status-publish","hentry"],"aioseo_notices":[],"_links":{"self":[{"href":"https:\/\/kleidco.com\/fr\/wp-json\/wp\/v2\/pages\/17725","targetHints":{"allow":["GET"]}}],"collection":[{"href":"https:\/\/kleidco.com\/fr\/wp-json\/wp\/v2\/pages"}],"about":[{"href":"https:\/\/kleidco.com\/fr\/wp-json\/wp\/v2\/types\/page"}],"author":[{"embeddable":true,"href":"https:\/\/kleidco.com\/fr\/wp-json\/wp\/v2\/users\/4"}],"replies":[{"embeddable":true,"href":"https:\/\/kleidco.com\/fr\/wp-json\/wp\/v2\/comments?post=17725"}],"version-history":[{"count":4,"href":"https:\/\/kleidco.com\/fr\/wp-json\/wp\/v2\/pages\/17725\/revisions"}],"predecessor-version":[{"id":17729,"href":"https:\/\/kleidco.com\/fr\/wp-json\/wp\/v2\/pages\/17725\/revisions\/17729"}],"wp:attachment":[{"href":"https:\/\/kleidco.com\/fr\/wp-json\/wp\/v2\/media?parent=17725"}],"curies":[{"name":"wp","href":"https:\/\/api.w.org\/{rel}","templated":true}]}}