{"id":16116,"date":"2023-11-28T11:16:44","date_gmt":"2023-11-28T11:16:44","guid":{"rendered":"https:\/\/france.kleidco.com\/?page_id=16116"},"modified":"2025-12-09T09:57:52","modified_gmt":"2025-12-09T08:57:52","slug":"informations-de-garantie","status":"publish","type":"page","link":"https:\/\/kleidco.com\/fr\/informations-de-garantie-et-de-certification\/","title":{"rendered":"Garantie &#038; Certifications"},"content":{"rendered":"\t\t<div data-elementor-type=\"wp-page\" data-elementor-id=\"16116\" class=\"elementor elementor-16116\" data-elementor-post-type=\"page\">\n\t\t\t\t<div class=\"elementor-element elementor-element-959a8cd e-flex e-con-boxed wd-section-disabled e-con e-parent\" data-id=\"959a8cd\" data-element_type=\"container\">\n\t\t\t\t\t<div class=\"e-con-inner\">\n\t\t<div class=\"elementor-element elementor-element-1e47cb5 e-con-full e-flex wd-section-disabled e-con e-child\" data-id=\"1e47cb5\" data-element_type=\"container\">\n\t\t\t\t<div class=\"elementor-element elementor-element-7a5f257 elementor-widget elementor-widget-image\" data-id=\"7a5f257\" data-element_type=\"widget\" data-widget_type=\"image.default\">\n\t\t\t\t<div class=\"elementor-widget-container\">\n\t\t\t\t\t\t\t\t\t\t\t\t\t\t\t<img fetchpriority=\"high\" decoding=\"async\" width=\"800\" height=\"800\" src=\"https:\/\/kleidco.com\/fr\/wp-content\/uploads\/2023\/11\/1-1-800x800.png\" class=\"attachment-large size-large wp-image-16475\" alt=\"\" srcset=\"https:\/\/kleidco.com\/fr\/wp-content\/uploads\/2023\/11\/1-1-800x800.png 800w, https:\/\/kleidco.com\/fr\/wp-content\/uploads\/2023\/11\/1-1-300x300.png 300w, https:\/\/kleidco.com\/fr\/wp-content\/uploads\/2023\/11\/1-1-150x150.png 150w, https:\/\/kleidco.com\/fr\/wp-content\/uploads\/2023\/11\/1-1-768x768.png 768w, https:\/\/kleidco.com\/fr\/wp-content\/uploads\/2023\/11\/1-1-860x860.png 860w, https:\/\/kleidco.com\/fr\/wp-content\/uploads\/2023\/11\/1-1-430x430.png 430w, https:\/\/kleidco.com\/fr\/wp-content\/uploads\/2023\/11\/1-1-700x700.png 700w, https:\/\/kleidco.com\/fr\/wp-content\/uploads\/2023\/11\/1-1.png 900w\" sizes=\"(max-width: 800px) 100vw, 800px\" \/>\t\t\t\t\t\t\t\t\t\t\t\t\t\t\t<\/div>\n\t\t\t\t<\/div>\n\t\t\t\t<\/div>\n\t\t<div class=\"elementor-element elementor-element-5d8ac5a e-con-full e-flex wd-section-disabled e-con e-child\" data-id=\"5d8ac5a\" data-element_type=\"container\">\n\t\t\t\t<div class=\"elementor-element elementor-element-38df39a elementor-widget elementor-widget-wd_title\" data-id=\"38df39a\" data-element_type=\"widget\" data-widget_type=\"wd_title.default\">\n\t\t\t\t<div class=\"elementor-widget-container\">\n\t\t\t\t\t\t\t\t<link rel=\"stylesheet\" id=\"wd-section-title-css\" href=\"https:\/\/kleidco.com\/fr\/wp-content\/themes\/woodmart\/css\/parts\/el-section-title.min.css?ver=7.3.2\" type=\"text\/css\" media=\"all\" \/> \t\t\t\t\t<div class=\"title-wrapper set-mb-s reset-last-child wd-title-color-default wd-title-style-default wd-title-size-default text-center\">\n\n\t\t\t\n\t\t\t<div class=\"liner-continer\">\n\t\t\t\t<h4 class=\"woodmart-title-container title wd-fontsize-l\">S\u00e9lection du syst\u00e8me<\/h4> \n\t\t\t\t\t\t\t<\/div>\n\n\t\t\t\t\t\t\t<div class=\"title-after_title set-cont-mb-s reset-last-child wd-fontsize-xs\">\n\t\t\t\t\t<p>Le processus commence avec les experts de Kleidco s\u00e9lectionnant soigneusement le syst\u00e8me appropri\u00e9 pour chaque projet. Cela implique d'\u00e9valuer des facteurs tels que les exigences du projet, les conditions environnementales et les attentes en termes de performa<\/p>\t\t\t\t<\/div>\n\t\t\t\t\t<\/div>\n\t\t\t\t\t\t<\/div>\n\t\t\t\t<\/div>\n\t\t\t\t<\/div>\n\t\t\t\t\t<\/div>\n\t\t\t\t<\/div>\n\t\t<div class=\"elementor-element elementor-element-bf12cae e-flex e-con-boxed wd-section-disabled e-con e-parent\" data-id=\"bf12cae\" data-element_type=\"container\">\n\t\t\t\t\t<div class=\"e-con-inner\">\n\t\t<div class=\"elementor-element elementor-element-17fd835 e-con-full e-flex wd-section-disabled e-con e-child\" data-id=\"17fd835\" data-element_type=\"container\">\n\t\t\t\t<div class=\"elementor-element elementor-element-733402f elementor-widget elementor-widget-wd_title\" data-id=\"733402f\" data-element_type=\"widget\" data-widget_type=\"wd_title.default\">\n\t\t\t\t<div class=\"elementor-widget-container\">\n\t\t\t\t\t\t\t<div class=\"title-wrapper set-mb-s reset-last-child wd-title-color-default wd-title-style-default wd-title-size-default text-center\">\n\n\t\t\t\n\t\t\t<div class=\"liner-continer\">\n\t\t\t\t<h4 class=\"woodmart-title-container title wd-fontsize-l\">Assurance qualit\u00e9 et Contr\u00f4le qualit\u00e9 (AQ\/CQ)<\/h4> \n\t\t\t\t\t\t\t<\/div>\n\n\t\t\t\t\t\t\t<div class=\"title-after_title set-cont-mb-s reset-last-child wd-fontsize-xs\">\n\t\t\t\t\t<p>Kleidco met en \u0153uvre des mesures rigoureuses d'assurance qualit\u00e9 et de contr\u00f4le qualit\u00e9 au cours de la phase de production. Cela implique des tests et inspections rigoureux des mat\u00e9riaux, des composants et des processus de fabrication afin de garantir qu'ils r\u00e9pondent aux normes les plus \u00e9lev\u00e9es.<\/p>\t\t\t\t<\/div>\n\t\t\t\t\t<\/div>\n\t\t\t\t\t\t<\/div>\n\t\t\t\t<\/div>\n\t\t\t\t<\/div>\n\t\t<div class=\"elementor-element elementor-element-a5066dd e-con-full e-flex wd-section-disabled e-con e-child\" data-id=\"a5066dd\" data-element_type=\"container\">\n\t\t\t\t<div class=\"elementor-element elementor-element-1f84f60 elementor-widget elementor-widget-image\" data-id=\"1f84f60\" data-element_type=\"widget\" data-widget_type=\"image.default\">\n\t\t\t\t<div class=\"elementor-widget-container\">\n\t\t\t\t\t\t\t\t\t\t\t\t\t\t\t<img decoding=\"async\" width=\"800\" height=\"800\" src=\"https:\/\/kleidco.com\/fr\/wp-content\/uploads\/2023\/11\/2-800x800.png\" class=\"attachment-large size-large wp-image-16127\" alt=\"\" srcset=\"https:\/\/kleidco.com\/fr\/wp-content\/uploads\/2023\/11\/2-800x800.png 800w, https:\/\/kleidco.com\/fr\/wp-content\/uploads\/2023\/11\/2-430x430.png 430w, https:\/\/kleidco.com\/fr\/wp-content\/uploads\/2023\/11\/2-150x150.png 150w, https:\/\/kleidco.com\/fr\/wp-content\/uploads\/2023\/11\/2-700x700.png 700w, https:\/\/kleidco.com\/fr\/wp-content\/uploads\/2023\/11\/2-300x300.png 300w, https:\/\/kleidco.com\/fr\/wp-content\/uploads\/2023\/11\/2-768x768.png 768w, https:\/\/kleidco.com\/fr\/wp-content\/uploads\/2023\/11\/2-860x860.png 860w, https:\/\/kleidco.com\/fr\/wp-content\/uploads\/2023\/11\/2.png 900w\" sizes=\"(max-width: 800px) 100vw, 800px\" \/>\t\t\t\t\t\t\t\t\t\t\t\t\t\t\t<\/div>\n\t\t\t\t<\/div>\n\t\t\t\t<\/div>\n\t\t\t\t\t<\/div>\n\t\t\t\t<\/div>\n\t\t<div class=\"elementor-element elementor-element-2c67a63 e-flex e-con-boxed wd-section-disabled e-con e-parent\" data-id=\"2c67a63\" data-element_type=\"container\">\n\t\t\t\t\t<div class=\"e-con-inner\">\n\t\t<div class=\"elementor-element elementor-element-cda0cf7 e-con-full e-flex wd-section-disabled e-con e-child\" data-id=\"cda0cf7\" data-element_type=\"container\">\n\t\t\t\t<div class=\"elementor-element elementor-element-77551f2 elementor-widget elementor-widget-image\" data-id=\"77551f2\" data-element_type=\"widget\" data-widget_type=\"image.default\">\n\t\t\t\t<div class=\"elementor-widget-container\">\n\t\t\t\t\t\t\t\t\t\t\t\t\t\t\t<img decoding=\"async\" width=\"800\" height=\"800\" src=\"https:\/\/kleidco.com\/fr\/wp-content\/uploads\/2023\/11\/3-800x800.png\" class=\"attachment-large size-large wp-image-16131\" alt=\"\" srcset=\"https:\/\/kleidco.com\/fr\/wp-content\/uploads\/2023\/11\/3-800x800.png 800w, https:\/\/kleidco.com\/fr\/wp-content\/uploads\/2023\/11\/3-430x430.png 430w, https:\/\/kleidco.com\/fr\/wp-content\/uploads\/2023\/11\/3-150x150.png 150w, https:\/\/kleidco.com\/fr\/wp-content\/uploads\/2023\/11\/3-700x700.png 700w, https:\/\/kleidco.com\/fr\/wp-content\/uploads\/2023\/11\/3-300x300.png 300w, https:\/\/kleidco.com\/fr\/wp-content\/uploads\/2023\/11\/3-768x768.png 768w, https:\/\/kleidco.com\/fr\/wp-content\/uploads\/2023\/11\/3-860x860.png 860w, https:\/\/kleidco.com\/fr\/wp-content\/uploads\/2023\/11\/3.png 900w\" sizes=\"(max-width: 800px) 100vw, 800px\" \/>\t\t\t\t\t\t\t\t\t\t\t\t\t\t\t<\/div>\n\t\t\t\t<\/div>\n\t\t\t\t<\/div>\n\t\t<div class=\"elementor-element elementor-element-f866868 e-con-full e-flex wd-section-disabled e-con e-child\" data-id=\"f866868\" data-element_type=\"container\">\n\t\t\t\t<div class=\"elementor-element elementor-element-9f70002 elementor-widget elementor-widget-wd_title\" data-id=\"9f70002\" data-element_type=\"widget\" data-widget_type=\"wd_title.default\">\n\t\t\t\t<div class=\"elementor-widget-container\">\n\t\t\t\t\t\t\t<div class=\"title-wrapper set-mb-s reset-last-child wd-title-color-default wd-title-style-default wd-title-size-default text-center\">\n\n\t\t\t\n\t\t\t<div class=\"liner-continer\">\n\t\t\t\t<h4 class=\"woodmart-title-container title wd-fontsize-l\">Processus de production<\/h4> \n\t\t\t\t\t\t\t<\/div>\n\n\t\t\t\t\t\t\t<div class=\"title-after_title set-cont-mb-s reset-last-child wd-fontsize-xs\">\n\t\t\t\t\t<p>Les produits sont fabriqu\u00e9s selon les meilleures pratiques de l'industrie et les normes de qualit\u00e9 de Kleidco. Des techniques et des technologies avanc\u00e9es sont utilis\u00e9es pour maintenir la coh\u00e9rence et la pr\u00e9cision.<\/p>\t\t\t\t<\/div>\n\t\t\t\t\t<\/div>\n\t\t\t\t\t\t<\/div>\n\t\t\t\t<\/div>\n\t\t\t\t<\/div>\n\t\t\t\t\t<\/div>\n\t\t\t\t<\/div>\n\t\t<div class=\"elementor-element elementor-element-474a364 e-flex e-con-boxed wd-section-disabled e-con e-parent\" data-id=\"474a364\" data-element_type=\"container\">\n\t\t\t\t\t<div class=\"e-con-inner\">\n\t\t<div class=\"elementor-element elementor-element-72e0847 e-con-full e-flex wd-section-disabled e-con e-child\" data-id=\"72e0847\" data-element_type=\"container\">\n\t\t\t\t<div class=\"elementor-element elementor-element-2020682 elementor-widget elementor-widget-wd_title\" data-id=\"2020682\" data-element_type=\"widget\" data-widget_type=\"wd_title.default\">\n\t\t\t\t<div class=\"elementor-widget-container\">\n\t\t\t\t\t\t\t<div class=\"title-wrapper set-mb-s reset-last-child wd-title-color-default wd-title-style-default wd-title-size-default text-center\">\n\n\t\t\t\n\t\t\t<div class=\"liner-continer\">\n\t\t\t\t<h4 class=\"woodmart-title-container title wd-fontsize-l\">Pendant et apr\u00e8s les inspections de finition<\/h4> \n\t\t\t\t\t\t\t<\/div>\n\n\t\t\t\t\t\t\t<div class=\"title-after_title set-cont-mb-s reset-last-child wd-fontsize-xs\">\n\t\t\t\t\t<p>Tout au long du processus de production, le personnel qualifi\u00e9 de Kleidco effectue des inspections pour surveiller la qualit\u00e9 et la conformit\u00e9. Ces inspections garantissent que les produits r\u00e9pondent aux crit\u00e8res \u00e9tablis et sont conformes au syst\u00e8me choisi.<\/p>\t\t\t\t<\/div>\n\t\t\t\t\t<\/div>\n\t\t\t\t\t\t<\/div>\n\t\t\t\t<\/div>\n\t\t\t\t<\/div>\n\t\t<div class=\"elementor-element elementor-element-33db9cc e-con-full e-flex wd-section-disabled e-con e-child\" data-id=\"33db9cc\" data-element_type=\"container\">\n\t\t\t\t<div class=\"elementor-element elementor-element-c7f4d1a elementor-widget elementor-widget-image\" data-id=\"c7f4d1a\" data-element_type=\"widget\" data-widget_type=\"image.default\">\n\t\t\t\t<div class=\"elementor-widget-container\">\n\t\t\t\t\t\t\t\t\t\t\t\t\t\t\t<img loading=\"lazy\" decoding=\"async\" width=\"800\" height=\"800\" src=\"https:\/\/kleidco.com\/fr\/wp-content\/uploads\/2023\/11\/4-800x800.png\" class=\"attachment-large size-large wp-image-16132\" alt=\"\" srcset=\"https:\/\/kleidco.com\/fr\/wp-content\/uploads\/2023\/11\/4-800x800.png 800w, https:\/\/kleidco.com\/fr\/wp-content\/uploads\/2023\/11\/4-430x430.png 430w, https:\/\/kleidco.com\/fr\/wp-content\/uploads\/2023\/11\/4-150x150.png 150w, https:\/\/kleidco.com\/fr\/wp-content\/uploads\/2023\/11\/4-700x700.png 700w, https:\/\/kleidco.com\/fr\/wp-content\/uploads\/2023\/11\/4-300x300.png 300w, https:\/\/kleidco.com\/fr\/wp-content\/uploads\/2023\/11\/4-768x768.png 768w, https:\/\/kleidco.com\/fr\/wp-content\/uploads\/2023\/11\/4-860x860.png 860w, https:\/\/kleidco.com\/fr\/wp-content\/uploads\/2023\/11\/4.png 900w\" sizes=\"(max-width: 800px) 100vw, 800px\" \/>\t\t\t\t\t\t\t\t\t\t\t\t\t\t\t<\/div>\n\t\t\t\t<\/div>\n\t\t\t\t<\/div>\n\t\t\t\t\t<\/div>\n\t\t\t\t<\/div>\n\t\t<div class=\"elementor-element elementor-element-b84e3f8 e-flex e-con-boxed wd-section-disabled e-con e-parent\" data-id=\"b84e3f8\" data-element_type=\"container\">\n\t\t\t\t\t<div class=\"e-con-inner\">\n\t\t<div class=\"elementor-element elementor-element-705f67d e-con-full e-flex wd-section-disabled e-con e-child\" data-id=\"705f67d\" data-element_type=\"container\">\n\t\t\t\t<div class=\"elementor-element elementor-element-5b52f12 elementor-widget elementor-widget-image\" data-id=\"5b52f12\" data-element_type=\"widget\" data-widget_type=\"image.default\">\n\t\t\t\t<div class=\"elementor-widget-container\">\n\t\t\t\t\t\t\t\t\t\t\t\t\t\t\t<img loading=\"lazy\" decoding=\"async\" width=\"800\" height=\"800\" src=\"https:\/\/kleidco.com\/fr\/wp-content\/uploads\/2023\/11\/5-800x800.png\" class=\"attachment-large size-large wp-image-16133\" alt=\"\" srcset=\"https:\/\/kleidco.com\/fr\/wp-content\/uploads\/2023\/11\/5-800x800.png 800w, https:\/\/kleidco.com\/fr\/wp-content\/uploads\/2023\/11\/5-430x430.png 430w, https:\/\/kleidco.com\/fr\/wp-content\/uploads\/2023\/11\/5-150x150.png 150w, https:\/\/kleidco.com\/fr\/wp-content\/uploads\/2023\/11\/5-700x700.png 700w, https:\/\/kleidco.com\/fr\/wp-content\/uploads\/2023\/11\/5-300x300.png 300w, https:\/\/kleidco.com\/fr\/wp-content\/uploads\/2023\/11\/5-768x768.png 768w, https:\/\/kleidco.com\/fr\/wp-content\/uploads\/2023\/11\/5-860x860.png 860w, https:\/\/kleidco.com\/fr\/wp-content\/uploads\/2023\/11\/5.png 900w\" sizes=\"(max-width: 800px) 100vw, 800px\" \/>\t\t\t\t\t\t\t\t\t\t\t\t\t\t\t<\/div>\n\t\t\t\t<\/div>\n\t\t\t\t<\/div>\n\t\t<div class=\"elementor-element elementor-element-39556c2 e-con-full e-flex wd-section-disabled e-con e-child\" data-id=\"39556c2\" data-element_type=\"container\">\n\t\t\t\t<div class=\"elementor-element elementor-element-4087604 elementor-widget elementor-widget-wd_title\" data-id=\"4087604\" data-element_type=\"widget\" data-widget_type=\"wd_title.default\">\n\t\t\t\t<div class=\"elementor-widget-container\">\n\t\t\t\t\t\t\t<div class=\"title-wrapper set-mb-s reset-last-child wd-title-color-default wd-title-style-default wd-title-size-default text-center\">\n\n\t\t\t\n\t\t\t<div class=\"liner-continer\">\n\t\t\t\t<h4 class=\"woodmart-title-container title wd-fontsize-l\">Application d'autocollants bleus<\/h4> \n\t\t\t\t\t\t\t<\/div>\n\n\t\t\t\t\t\t\t<div class=\"title-after_title set-cont-mb-s reset-last-child wd-fontsize-xs\">\n\t\t\t\t\t<p>Suite \u00e0 une inspection r\u00e9ussie, Kleidco appose des autocollants bleus sur les produits. Ces autocollants servent de marque d'authenticit\u00e9 et de conformit\u00e9 aux normes \u00e9lev\u00e9es de l'entreprise. L'autocollant bleu signifie que le produit a fait l'objet de contr\u00f4les rigoureux et est soutenu par l'assurance de Kleidco.<\/p>\t\t\t\t<\/div>\n\t\t\t\t\t<\/div>\n\t\t\t\t\t\t<\/div>\n\t\t\t\t<\/div>\n\t\t\t\t<\/div>\n\t\t\t\t\t<\/div>\n\t\t\t\t<\/div>\n\t\t<div class=\"elementor-element elementor-element-6283744 e-flex e-con-boxed wd-section-disabled e-con e-parent\" data-id=\"6283744\" data-element_type=\"container\">\n\t\t\t\t\t<div class=\"e-con-inner\">\n\t\t<div class=\"elementor-element elementor-element-aa3800d e-con-full e-flex wd-section-disabled e-con e-child\" data-id=\"aa3800d\" data-element_type=\"container\">\n\t\t\t\t<div class=\"elementor-element elementor-element-41e3591 elementor-widget elementor-widget-wd_title\" data-id=\"41e3591\" data-element_type=\"widget\" data-widget_type=\"wd_title.default\">\n\t\t\t\t<div class=\"elementor-widget-container\">\n\t\t\t\t\t\t\t<div class=\"title-wrapper set-mb-s reset-last-child wd-title-color-default wd-title-style-default wd-title-size-default text-center\">\n\n\t\t\t\n\t\t\t<div class=\"liner-continer\">\n\t\t\t\t<h4 class=\"woodmart-title-container title wd-fontsize-l\">V\u00e9rification et D\u00e9livrance du Certificat<\/h4> \n\t\t\t\t\t\t\t<\/div>\n\n\t\t\t\t\t\t\t<div class=\"title-after_title set-cont-mb-s reset-last-child wd-fontsize-xs\">\n\t\t\t\t\t<p>L'autocollant bleu sur les produits est valide uniquement apr\u00e8s une v\u00e9rification approfondie par le personnel de Kleidco. Ce processus de v\u00e9rification implique la mise en correspondance des sp\u00e9cifications du produit, des d\u00e9tails de fabrication et des r\u00e9sultats d'inspection. Une fois v\u00e9rifi\u00e9, Kleidco d\u00e9livre un certificat de conformit\u00e9 au client.<\/p>\t\t\t\t<\/div>\n\t\t\t\t\t<\/div>\n\t\t\t\t\t\t<\/div>\n\t\t\t\t<\/div>\n\t\t\t\t<\/div>\n\t\t<div class=\"elementor-element elementor-element-e75b501 e-con-full e-flex wd-section-disabled e-con e-child\" data-id=\"e75b501\" data-element_type=\"container\">\n\t\t\t\t<div class=\"elementor-element elementor-element-b16ade2 elementor-widget elementor-widget-image\" data-id=\"b16ade2\" data-element_type=\"widget\" data-widget_type=\"image.default\">\n\t\t\t\t<div class=\"elementor-widget-container\">\n\t\t\t\t\t\t\t\t\t\t\t\t\t\t\t<img loading=\"lazy\" decoding=\"async\" width=\"800\" height=\"800\" src=\"https:\/\/kleidco.com\/fr\/wp-content\/uploads\/2023\/11\/6-800x800.png\" class=\"attachment-large size-large wp-image-16134\" alt=\"\" srcset=\"https:\/\/kleidco.com\/fr\/wp-content\/uploads\/2023\/11\/6-800x800.png 800w, https:\/\/kleidco.com\/fr\/wp-content\/uploads\/2023\/11\/6-430x430.png 430w, https:\/\/kleidco.com\/fr\/wp-content\/uploads\/2023\/11\/6-150x150.png 150w, https:\/\/kleidco.com\/fr\/wp-content\/uploads\/2023\/11\/6-700x700.png 700w, https:\/\/kleidco.com\/fr\/wp-content\/uploads\/2023\/11\/6-300x300.png 300w, https:\/\/kleidco.com\/fr\/wp-content\/uploads\/2023\/11\/6-768x768.png 768w, https:\/\/kleidco.com\/fr\/wp-content\/uploads\/2023\/11\/6-860x860.png 860w, https:\/\/kleidco.com\/fr\/wp-content\/uploads\/2023\/11\/6.png 900w\" sizes=\"(max-width: 800px) 100vw, 800px\" \/>\t\t\t\t\t\t\t\t\t\t\t\t\t\t\t<\/div>\n\t\t\t\t<\/div>\n\t\t\t\t<\/div>\n\t\t\t\t\t<\/div>\n\t\t\t\t<\/div>\n\t\t<div class=\"elementor-element elementor-element-394a61a e-flex e-con-boxed wd-section-disabled e-con e-parent\" data-id=\"394a61a\" data-element_type=\"container\">\n\t\t\t\t\t<div class=\"e-con-inner\">\n\t\t<div class=\"elementor-element elementor-element-b923f10 e-con-full e-flex wd-section-disabled e-con e-child\" data-id=\"b923f10\" data-element_type=\"container\">\n\t\t\t\t<div class=\"elementor-element elementor-element-472ee78 elementor-widget elementor-widget-image\" data-id=\"472ee78\" data-element_type=\"widget\" data-widget_type=\"image.default\">\n\t\t\t\t<div class=\"elementor-widget-container\">\n\t\t\t\t\t\t\t\t\t\t\t\t\t\t\t<img loading=\"lazy\" decoding=\"async\" width=\"800\" height=\"800\" src=\"https:\/\/kleidco.com\/fr\/wp-content\/uploads\/2023\/11\/7-800x800.png\" class=\"attachment-large size-large wp-image-16135\" alt=\"\" srcset=\"https:\/\/kleidco.com\/fr\/wp-content\/uploads\/2023\/11\/7-800x800.png 800w, https:\/\/kleidco.com\/fr\/wp-content\/uploads\/2023\/11\/7-430x430.png 430w, https:\/\/kleidco.com\/fr\/wp-content\/uploads\/2023\/11\/7-150x150.png 150w, https:\/\/kleidco.com\/fr\/wp-content\/uploads\/2023\/11\/7-700x700.png 700w, https:\/\/kleidco.com\/fr\/wp-content\/uploads\/2023\/11\/7-300x300.png 300w, https:\/\/kleidco.com\/fr\/wp-content\/uploads\/2023\/11\/7-768x768.png 768w, https:\/\/kleidco.com\/fr\/wp-content\/uploads\/2023\/11\/7-860x860.png 860w, https:\/\/kleidco.com\/fr\/wp-content\/uploads\/2023\/11\/7.png 900w\" sizes=\"(max-width: 800px) 100vw, 800px\" \/>\t\t\t\t\t\t\t\t\t\t\t\t\t\t\t<\/div>\n\t\t\t\t<\/div>\n\t\t\t\t<\/div>\n\t\t<div class=\"elementor-element elementor-element-c4d5ba7 e-con-full e-flex wd-section-disabled e-con e-child\" data-id=\"c4d5ba7\" data-element_type=\"container\">\n\t\t\t\t<div class=\"elementor-element elementor-element-a545424 elementor-widget elementor-widget-wd_title\" data-id=\"a545424\" data-element_type=\"widget\" data-widget_type=\"wd_title.default\">\n\t\t\t\t<div class=\"elementor-widget-container\">\n\t\t\t\t\t\t\t<div class=\"title-wrapper set-mb-s reset-last-child wd-title-color-default wd-title-style-default wd-title-size-default text-center\">\n\n\t\t\t\n\t\t\t<div class=\"liner-continer\">\n\t\t\t\t<h4 class=\"woodmart-title-container title wd-fontsize-l\">V\u00e9rification et D\u00e9livrance du Certificat<\/h4> \n\t\t\t\t\t\t\t<\/div>\n\n\t\t\t\t\t\t\t<div class=\"title-after_title set-cont-mb-s reset-last-child wd-fontsize-xs\">\n\t\t\t\t\t<p>L'autocollant bleu sur les produits est valide uniquement apr\u00e8s une v\u00e9rification approfondie par le personnel de Kleidco. Ce processus de v\u00e9rification implique la mise en correspondance des sp\u00e9cifications du produit, des d\u00e9tails de fabrication et des r\u00e9sultats d'inspection. Une fois v\u00e9rifi\u00e9, Kleidco d\u00e9livre un certificat de conformit\u00e9 au client.<\/p>\t\t\t\t<\/div>\n\t\t\t\t\t<\/div>\n\t\t\t\t\t\t<\/div>\n\t\t\t\t<\/div>\n\t\t\t\t<\/div>\n\t\t\t\t\t<\/div>\n\t\t\t\t<\/div>\n\t\t<div class=\"elementor-element elementor-element-bc01154 e-flex e-con-boxed wd-section-disabled e-con e-parent\" data-id=\"bc01154\" data-element_type=\"container\">\n\t\t\t\t\t<div class=\"e-con-inner\">\n\t\t\t\t<div class=\"elementor-element elementor-element-c326b41 elementor-widget elementor-widget-wd_title\" data-id=\"c326b41\" data-element_type=\"widget\" data-widget_type=\"wd_title.default\">\n\t\t\t\t<div class=\"elementor-widget-container\">\n\t\t\t\t\t\t\t<div class=\"title-wrapper set-mb-s reset-last-child wd-title-color-default wd-title-style-default wd-title-size-large text-center\">\n\n\t\t\t\n\t\t\t<div class=\"liner-continer\">\n\t\t\t\t<h4 class=\"woodmart-title-container title wd-fontsize-xxl\">Nos <strong>Aluminium Certifi\u00e9es<\/strong> <\/h4> \n\t\t\t\t\t\t\t<\/div>\n\n\t\t\t\t\t\t\t<div class=\"title-after_title set-cont-mb-s reset-last-child wd-fontsize-s\">\n\t\t\t\t\t<p>Nos garanties s\u2019adaptent \u00e0 vos projets : jusqu\u2019\u00e0 25 ans sur l\u2019aluminium, pour vous offrir une s\u00e9r\u00e9nit\u00e9 maximale dans la dur\u00e9e.<br \/><br \/><br \/><\/p>\t\t\t\t<\/div>\n\t\t\t\t\t<\/div>\n\t\t\t\t\t\t<\/div>\n\t\t\t\t<\/div>\n\t\t\t\t<div class=\"elementor-element elementor-element-976d65c elementor-widget elementor-widget-wd_images_gallery\" data-id=\"976d65c\" data-element_type=\"widget\" data-widget_type=\"wd_images_gallery.default\">\n\t\t\t\t<div class=\"elementor-widget-container\">\n\t\t\t\t\t\t\t\t<link rel=\"stylesheet\" id=\"wd-image-gallery-css\" href=\"https:\/\/kleidco.com\/fr\/wp-content\/themes\/woodmart\/css\/parts\/el-gallery.min.css?ver=7.3.2\" type=\"text\/css\" media=\"all\" \/> \t\t\t\t\t<div class=\"wd-images-gallery wd-justify-center wd-items-middle view-grid\" >\n\t\t\t<div class=\"gallery-images row wd-spacing-30\">\n\t\t\t\t\t\t\t\t\t\t\t\t\t\t<div class=\"wd-gallery-item  col-lg-3 col-md-3 col-12\">\n\t\t\t\t\t\t\n\t\t\t\t\t\t<img decoding=\"async\" src=\"https:\/\/kleidco.com\/fr\/wp-content\/uploads\/2024\/08\/Artboard-1-copy-2.svg\"alt=\"Artboard 1 copy 2\">\n\t\t\t\t\t\t\t\t\t\t\t<\/div>\n\t\t\t\t\t\t\t\t\t\t\t\t\t\t\t<div class=\"wd-gallery-item  col-lg-3 col-md-3 col-12\">\n\t\t\t\t\t\t\n\t\t\t\t\t\t<img decoding=\"async\" src=\"https:\/\/kleidco.com\/fr\/wp-content\/uploads\/2024\/08\/Artboard-1-copy-3.svg\"alt=\"Artboard 1 copy 3\">\n\t\t\t\t\t\t\t\t\t\t\t<\/div>\n\t\t\t\t\t\t\t\t\t\t\t\t\t\t\t<div class=\"wd-gallery-item  col-lg-3 col-md-3 col-12\">\n\t\t\t\t\t\t\n\t\t\t\t\t\t<img decoding=\"async\" src=\"https:\/\/kleidco.com\/fr\/wp-content\/uploads\/2024\/08\/Artboard-1-copy-4.svg\"alt=\"Artboard 1 copy 4\">\n\t\t\t\t\t\t\t\t\t\t\t<\/div>\n\t\t\t\t\t\t\t\t\t\t\t\t\t\t\t<div class=\"wd-gallery-item  col-lg-3 col-md-3 col-12\">\n\t\t\t\t\t\t\n\t\t\t\t\t\t<img decoding=\"async\" src=\"https:\/\/kleidco.com\/fr\/wp-content\/uploads\/2025\/12\/cekal-fr.svg\"alt=\"cekal-fr\">\n\t\t\t\t\t\t\t\t\t\t\t<\/div>\n\t\t\t\t\t\t\t\t\t\t\t\t\t\t\t<div class=\"wd-gallery-item  col-lg-3 col-md-3 col-12\">\n\t\t\t\t\t\t\n\t\t\t\t\t\t<img decoding=\"async\" src=\"https:\/\/kleidco.com\/fr\/wp-content\/uploads\/2024\/08\/Artboard-1.svg\"alt=\"Artboard 1\">\n\t\t\t\t\t\t\t\t\t\t\t<\/div>\n\t\t\t\t\t\t\t\t\t\t\t\t\t\t\t<div class=\"wd-gallery-item  col-lg-3 col-md-3 col-12\">\n\t\t\t\t\t\t\n\t\t\t\t\t\t<img decoding=\"async\" src=\"https:\/\/kleidco.com\/fr\/wp-content\/uploads\/2024\/08\/Artboard-1-copy-5.svg\"alt=\"Artboard 1 copy 5\">\n\t\t\t\t\t\t\t\t\t\t\t<\/div>\n\t\t\t\t\t\t\t\t\t\t\t\t\t\t\t<div class=\"wd-gallery-item  col-lg-3 col-md-3 col-12\">\n\t\t\t\t\t\t\n\t\t\t\t\t\t<img decoding=\"async\" src=\"https:\/\/kleidco.com\/fr\/wp-content\/uploads\/2024\/08\/Artboard-1-copy-7.svg\"alt=\"Artboard 1 copy 7\">\n\t\t\t\t\t\t\t\t\t\t\t<\/div>\n\t\t\t\t\t\t\t\t\t\t\t\t\t\t\t<div class=\"wd-gallery-item  col-lg-3 col-md-3 col-12\">\n\t\t\t\t\t\t\n\t\t\t\t\t\t<img decoding=\"async\" src=\"https:\/\/kleidco.com\/fr\/wp-content\/uploads\/2024\/08\/Artboard-1-copy-8.svg\"alt=\"Artboard 1 copy 8\">\n\t\t\t\t\t\t\t\t\t\t\t<\/div>\n\t\t\t\t\t\t\t\t<\/div>\n\t\t<\/div>\n\t\t\t\t\t\t<\/div>\n\t\t\t\t<\/div>\n\t\t\t\t\t<\/div>\n\t\t\t\t<\/div>\n\t\t\t\t<\/div>\n\t\t","protected":false},"excerpt":{"rendered":"<p>S\u00e9lection du syst\u00e8me Le processus commence avec les experts de Kleidco s\u00e9lectionnant soigneusement le syst\u00e8me appropri\u00e9 pour chaque projet. Cela<\/p>\n","protected":false},"author":2,"featured_media":0,"parent":0,"menu_order":0,"comment_status":"closed","ping_status":"closed","template":"elementor_header_footer","meta":{"footnotes":""},"class_list":["post-16116","page","type-page","status-publish","hentry"],"aioseo_notices":[],"_links":{"self":[{"href":"https:\/\/kleidco.com\/fr\/wp-json\/wp\/v2\/pages\/16116","targetHints":{"allow":["GET"]}}],"collection":[{"href":"https:\/\/kleidco.com\/fr\/wp-json\/wp\/v2\/pages"}],"about":[{"href":"https:\/\/kleidco.com\/fr\/wp-json\/wp\/v2\/types\/page"}],"author":[{"embeddable":true,"href":"https:\/\/kleidco.com\/fr\/wp-json\/wp\/v2\/users\/2"}],"replies":[{"embeddable":true,"href":"https:\/\/kleidco.com\/fr\/wp-json\/wp\/v2\/comments?post=16116"}],"version-history":[{"count":52,"href":"https:\/\/kleidco.com\/fr\/wp-json\/wp\/v2\/pages\/16116\/revisions"}],"predecessor-version":[{"id":17923,"href":"https:\/\/kleidco.com\/fr\/wp-json\/wp\/v2\/pages\/16116\/revisions\/17923"}],"wp:attachment":[{"href":"https:\/\/kleidco.com\/fr\/wp-json\/wp\/v2\/media?parent=16116"}],"curies":[{"name":"wp","href":"https:\/\/api.w.org\/{rel}","templated":true}]}}